{"id":2294,"date":"2021-09-12T17:51:52","date_gmt":"2021-09-12T21:51:52","guid":{"rendered":"https:\/\/rallysportbrakes.com\/ve\/mi-cuenta\/"},"modified":"2021-09-26T15:55:36","modified_gmt":"2021-09-26T19:55:36","slug":"mi-cuenta","status":"publish","type":"page","link":"https:\/\/rallysportbrakes.com\/ve\/mi-cuenta\/","title":{"rendered":"Mi cuenta"},"content":{"rendered":"\t\t<div data-elementor-type=\"wp-page\" data-elementor-id=\"2294\" class=\"elementor elementor-2294\">\n\t\t\t\t\t\t<section class=\"elementor-section elementor-top-section elementor-element elementor-element-4ea910a elementor-section-full_width elementor-section-height-default elementor-section-height-default\" data-id=\"4ea910a\" data-element_type=\"section\" data-e-type=\"section\">\n\t\t\t\t\t\t<div class=\"elementor-container elementor-column-gap-no\">\n\t\t\t\t\t<div class=\"elementor-column elementor-col-100 elementor-top-column elementor-element elementor-element-66b3bb3\" data-id=\"66b3bb3\" data-element_type=\"column\" data-e-type=\"column\">\n\t\t\t<div class=\"elementor-widget-wrap elementor-element-populated\">\n\t\t\t\t\t\t<div class=\"elementor-element elementor-element-88f94d0 elementor-widget elementor-widget-image\" data-id=\"88f94d0\" data-element_type=\"widget\" data-e-type=\"widget\" data-widget_type=\"image.default\">\n\t\t\t\t<div class=\"elementor-widget-container\">\n\t\t\t\t\t\t\t\t\t\t\t\t\t\t\t<img fetchpriority=\"high\" decoding=\"async\" width=\"1920\" height=\"522\" src=\"https:\/\/rallysportbrakes.com\/ve\/wp-content\/uploads\/2021\/09\/RallySport-DISTRIBUIDORES-LOGIN-BannerTop-1920x522-1.jpg\" class=\"attachment-full size-full wp-image-5054\" alt=\"\" srcset=\"https:\/\/rallysportbrakes.com\/ve\/wp-content\/uploads\/2021\/09\/RallySport-DISTRIBUIDORES-LOGIN-BannerTop-1920x522-1.jpg 1920w, https:\/\/rallysportbrakes.com\/ve\/wp-content\/uploads\/2021\/09\/RallySport-DISTRIBUIDORES-LOGIN-BannerTop-1920x522-1-800x218.jpg 800w, https:\/\/rallysportbrakes.com\/ve\/wp-content\/uploads\/2021\/09\/RallySport-DISTRIBUIDORES-LOGIN-BannerTop-1920x522-1-300x82.jpg 300w, https:\/\/rallysportbrakes.com\/ve\/wp-content\/uploads\/2021\/09\/RallySport-DISTRIBUIDORES-LOGIN-BannerTop-1920x522-1-1024x278.jpg 1024w, https:\/\/rallysportbrakes.com\/ve\/wp-content\/uploads\/2021\/09\/RallySport-DISTRIBUIDORES-LOGIN-BannerTop-1920x522-1-768x209.jpg 768w, https:\/\/rallysportbrakes.com\/ve\/wp-content\/uploads\/2021\/09\/RallySport-DISTRIBUIDORES-LOGIN-BannerTop-1920x522-1-1536x418.jpg 1536w, https:\/\/rallysportbrakes.com\/ve\/wp-content\/uploads\/2021\/09\/RallySport-DISTRIBUIDORES-LOGIN-BannerTop-1920x522-1-260x71.jpg 260w, https:\/\/rallysportbrakes.com\/ve\/wp-content\/uploads\/2021\/09\/RallySport-DISTRIBUIDORES-LOGIN-BannerTop-1920x522-1-50x14.jpg 50w, https:\/\/rallysportbrakes.com\/ve\/wp-content\/uploads\/2021\/09\/RallySport-DISTRIBUIDORES-LOGIN-BannerTop-1920x522-1-150x41.jpg 150w\" sizes=\"(max-width:767px) 480px, (max-width:1920px) 100vw, 1920px\" \/>\t\t\t\t\t\t\t\t\t\t\t\t\t\t\t<\/div>\n\t\t\t\t<\/div>\n\t\t\t\t\t<\/div>\n\t\t<\/div>\n\t\t\t\t\t<\/div>\n\t\t<\/section>\n\t\t\t\t<section class=\"elementor-section elementor-top-section elementor-element elementor-element-67c735c elementor-section-boxed elementor-section-height-default elementor-section-height-default\" data-id=\"67c735c\" data-element_type=\"section\" data-e-type=\"section\">\n\t\t\t\t\t\t<div class=\"elementor-container elementor-column-gap-default\">\n\t\t\t\t\t<div class=\"elementor-column elementor-col-100 elementor-top-column elementor-element elementor-element-b73b8f3\" data-id=\"b73b8f3\" data-element_type=\"column\" data-e-type=\"column\">\n\t\t\t<div class=\"elementor-widget-wrap elementor-element-populated\">\n\t\t\t\t\t\t<div class=\"elementor-element elementor-element-c17d094 elementor-widget elementor-widget-heading\" data-id=\"c17d094\" data-element_type=\"widget\" data-e-type=\"widget\" data-widget_type=\"heading.default\">\n\t\t\t\t<div class=\"elementor-widget-container\">\n\t\t\t\t\t<h2 class=\"elementor-heading-title elementor-size-default\">Mi cuenta<\/h2>\t\t\t\t<\/div>\n\t\t\t\t<\/div>\n\t\t\t\t<div class=\"elementor-element elementor-element-6c48526 elementor-widget elementor-widget-image\" data-id=\"6c48526\" data-element_type=\"widget\" data-e-type=\"widget\" data-widget_type=\"image.default\">\n\t\t\t\t<div class=\"elementor-widget-container\">\n\t\t\t\t\t\t\t\t\t\t\t\t\t\t\t<img decoding=\"async\" width=\"76\" height=\"7\" src=\"https:\/\/rallysportbrakes.com\/ve\/wp-content\/uploads\/2021\/09\/sep-heading.png\" class=\"attachment-large size-large wp-image-4023\" alt=\"\" srcset=\"https:\/\/rallysportbrakes.com\/ve\/wp-content\/uploads\/2021\/09\/sep-heading.png 76w, https:\/\/rallysportbrakes.com\/ve\/wp-content\/uploads\/2021\/09\/sep-heading-50x5.png 50w\" sizes=\"(max-width:767px) 76px, 76px\" \/>\t\t\t\t\t\t\t\t\t\t\t\t\t\t\t<\/div>\n\t\t\t\t<\/div>\n\t\t\t\t\t<\/div>\n\t\t<\/div>\n\t\t\t\t\t<\/div>\n\t\t<\/section>\n\t\t\t\t<section class=\"elementor-section elementor-top-section elementor-element elementor-element-a2a62d0 elementor-section-boxed elementor-section-height-default elementor-section-height-default\" data-id=\"a2a62d0\" data-element_type=\"section\" data-e-type=\"section\">\n\t\t\t\t\t\t<div class=\"elementor-container elementor-column-gap-default\">\n\t\t\t\t\t<div class=\"elementor-column elementor-col-100 elementor-top-column elementor-element elementor-element-b699eec\" data-id=\"b699eec\" data-element_type=\"column\" data-e-type=\"column\">\n\t\t\t<div class=\"elementor-widget-wrap elementor-element-populated\">\n\t\t\t\t\t\t\t<\/div>\n\t\t<\/div>\n\t\t\t\t\t<\/div>\n\t\t<\/section>\n\t\t\t\t<section class=\"elementor-section elementor-top-section elementor-element elementor-element-a1ef5f9 elementor-section-boxed elementor-section-height-default elementor-section-height-default\" data-id=\"a1ef5f9\" data-element_type=\"section\" data-e-type=\"section\">\n\t\t\t\t\t\t<div class=\"elementor-container elementor-column-gap-default\">\n\t\t\t\t\t<div class=\"elementor-column elementor-col-100 elementor-top-column elementor-element elementor-element-37b9bea\" data-id=\"37b9bea\" data-element_type=\"column\" data-e-type=\"column\">\n\t\t\t<div class=\"elementor-widget-wrap elementor-element-populated\">\n\t\t\t\t\t\t<div class=\"elementor-element elementor-element-acce76f elementor-button-align-center elementor-widget elementor-widget-pp-login-form\" data-id=\"acce76f\" data-element_type=\"widget\" data-e-type=\"widget\" data-settings=\"{&quot;enable_ajax&quot;:&quot;yes&quot;,&quot;enable_recaptcha&quot;:&quot;no&quot;,&quot;facebook_login&quot;:&quot;no&quot;}\" data-widget_type=\"pp-login-form.default\">\n\t\t\t\t<div class=\"elementor-widget-container\">\n\t\t\t\t\t\t\t<div class=\"pp-login-form-wrap\" data-page-url=\"https:\/\/rallysportbrakes.com\/ve\/mi-cuenta\/\">\n\n\t\t\t\t<form method=\"post\" class=\"pp-login-form pp-login-form--lost-pass elementor-form\">\n\t\t\t<div class=\"pp-login-form--lost-pass-message\">\n\t\t\t\t<p>\n\t\t\t\t\t\u00bfOlvidaste tu contrase\u00f1a? Por favor ingresa tu usuario or correo electr\u00f3nico. Recibiras un link para restaurar tu contrase\u00f1a\t\t\t\t<\/p>\t\t\t<\/div>\n\t\t\t<div class=\"elementor-form-fields-wrapper\">\n\t\t\t\t<div class=\"elementor-field-group elementor-column elementor-col-100\">\n\t\t\t\t\t<label for=\"user_login\" class=\"elementor-field-label\">INICIAR SESI\u00d3N <\/label>\t\t\t\t\t<input type=\"text\" name=\"user_login\" id=\"user_login\" placeholder=\"Usuario\" class=\"elementor-field elementor-field-textual elementor-size-sm\" size=\"1\" autocomplete=\"username\" \/>\n\t\t\t\t\t<input type=\"hidden\" name=\"lost_redirect_to\" value=\"\/ve\/mi-cuenta\/?lost_pass=1\">\n\t\t\t\t\t<input type=\"hidden\" name=\"is_lost_redirect\" value=\"0\">\n\t\t\t\t<\/div>\n\t\t\t\t<div class=\"elementor-field-group elementor-column elementor-field-type-submit elementor-col-100\">\n\t\t\t\t\t<button class=\"elementor-size-sm elementor-button pp-submit-button pp-lost-password-button\" name=\"pp-login-form-lost-pw\" type=\"submit\">\n\t\t\t\t\t\t<span class=\"pp-login-form--button-text\">\n\t\t\t\t\t\t\tRestablecer contrase\u00f1a\t\t\t\t\t\t<\/span>\n\t\t\t\t\t<\/button>\n\t\t\t\t<\/div>\n\t\t\t<\/div>\n\n\t\t\t<input type=\"hidden\" id=\"pp-lf-lost-password-nonce\" name=\"pp-lf-lost-password-nonce\" value=\"713a40a21e\" \/><input type=\"hidden\" name=\"_wp_http_referer\" value=\"\/ve\/mi-cuenta\/?lost_pass=1\" \/>\t\t<\/form>\n\t\t\n\t\t<\/div>\n\t\t\t\t\t\t<\/div>\n\t\t\t\t<\/div>\n\t\t\t\t\t<\/div>\n\t\t<\/div>\n\t\t\t\t\t<\/div>\n\t\t<\/section>\n\t\t\t\t<\/div>\n\t\t","protected":false},"excerpt":{"rendered":"<p>Mi cuenta rally-ve Logout Escritorio Pedidos Direcciones Detalles de la cuenta Cerrar sesi\u00f3n Hola rally-ve (\u00bfno eres rally-ve? Cerrar sesi\u00f3n) Desde el escritorio de tu cuenta<span class=\"excerpt-hellip\"> [\u2026]<\/span><\/p>\n","protected":false},"author":1,"featured_media":0,"parent":0,"menu_order":0,"comment_status":"closed","ping_status":"closed","template":"elementor_header_footer","meta":{"footnotes":""},"class_list":["post-2294","page","type-page","status-publish","hentry"],"_links":{"self":[{"href":"https:\/\/rallysportbrakes.com\/ve\/wp-json\/wp\/v2\/pages\/2294","targetHints":{"allow":["GET"]}}],"collection":[{"href":"https:\/\/rallysportbrakes.com\/ve\/wp-json\/wp\/v2\/pages"}],"about":[{"href":"https:\/\/rallysportbrakes.com\/ve\/wp-json\/wp\/v2\/types\/page"}],"author":[{"embeddable":true,"href":"https:\/\/rallysportbrakes.com\/ve\/wp-json\/wp\/v2\/users\/1"}],"replies":[{"embeddable":true,"href":"https:\/\/rallysportbrakes.com\/ve\/wp-json\/wp\/v2\/comments?post=2294"}],"version-history":[{"count":37,"href":"https:\/\/rallysportbrakes.com\/ve\/wp-json\/wp\/v2\/pages\/2294\/revisions"}],"predecessor-version":[{"id":5098,"href":"https:\/\/rallysportbrakes.com\/ve\/wp-json\/wp\/v2\/pages\/2294\/revisions\/5098"}],"wp:attachment":[{"href":"https:\/\/rallysportbrakes.com\/ve\/wp-json\/wp\/v2\/media?parent=2294"}],"curies":[{"name":"wp","href":"https:\/\/api.w.org\/{rel}","templated":true}]}}